{"id":8,"date":"2015-04-13T10:22:54","date_gmt":"2015-04-13T10:22:54","guid":{"rendered":"http:\/\/ballettoren.nl\/?page_id=8"},"modified":"2015-07-23T09:58:54","modified_gmt":"2015-07-23T09:58:54","slug":"blabla","status":"publish","type":"page","link":"https:\/\/ballettoren.nl\/it\/","title":{"rendered":""},"content":{"rendered":"<p style=\"text-align: justify;\"><strong>WELKOM BIJ <span style=\"color: #008000;\">MODULAD<\/span>, <\/strong>d\u00e9 originele <em>modulaire<\/em> ballettoren die techniek, creatieve vrijheid en gebruiksgemak samenbrengt in \u00e9\u00e9n effici\u00ebnt bouwsysteem.<\/p>\n<p style=\"text-align: justify;\"><a href=\"http:\/\/ballettoren.nl\/wp-content\/uploads\/2015\/04\/0001fb.jpeg\"><img loading=\"lazy\" decoding=\"async\" class=\"aligncenter wp-image-373 size-large\" src=\"http:\/\/ballettoren.nl\/wp-content\/uploads\/2015\/04\/0001fb-1024x310.jpeg\" alt=\"\" width=\"625\" height=\"189\" srcset=\"https:\/\/ballettoren.nl\/wp-content\/uploads\/2015\/04\/0001fb-1024x310.jpeg 1024w, https:\/\/ballettoren.nl\/wp-content\/uploads\/2015\/04\/0001fb-300x91.jpeg 300w, https:\/\/ballettoren.nl\/wp-content\/uploads\/2015\/04\/0001fb-624x189.jpeg 624w\" sizes=\"auto, (max-width: 625px) 100vw, 625px\" \/><\/a><br \/>\n<strong>Wat is de <span style=\"color: #008000;\">MODULAD<\/span> ballettoren?<\/strong><br \/>\nDe <span style=\"color: #008000;\">MODULAD<\/span> ballettoren is een geheel nieuw type ballettoren, welke de gebruiker in staat stelt licht, geluid of video precies daar te plaatsen waar men het nodig heeft.<br \/>\nHet innovatieve, modulaire ophangsysteem van de <span style=\"color: #008000;\">MODULAD<\/span> ballettoren werkt als het ware als een \u2018blokkendoos\u2019: het frame kan gemakkelijk en eigenhandig worden op- en afgebouwd.<\/p>\n<p><span style=\"color: #008000;\"><span style=\"color: #000000;\">Met dit systeem biedt<\/span> MODULAD<\/span> de gebruiker de vrijheid een ballettoren naar eigen inzicht en behoefte samen te stellen en toe te passen.<\/p>\n<p style=\"text-align: justify;\"><strong>Voor wie?<\/strong><br \/>\nDe <span style=\"color: #008000;\">MODULAD<\/span> ballettoren is gemaakt voor zowel de professionele theatertechnische markt, evenementenbouw, als kleinschaliger ad hoc projecten. Met kwaliteit, gebruiksgemak en economisch ruimtegebruik voorop, stelt het de gebruiker in staat nieuwe grenzen te verkennen op het gebied van technisch en artistiek ontwerp.<\/p>\n<p><strong>Waarom dit nieuwe type ballettoren?<\/strong><br \/>\nOntstaan vanuit een eigen theatertechnische behoefte om met een effici\u00ebnter systeem te kunnen werken, is Hein Drost (bedenker, ontwerper en ontwikkelaar) begonnen met het uitwerken en ontwikkelen van het modulaire systeem achter de <span style=\"color: #008000;\">MODULAD<\/span> ballettoren. Met dit \u2018blokkendoos\u2019 ontwerp onderscheidt de <span style=\"color: #008000;\">MODULAD<\/span> ballettoren zich van de huidige generatie \u2018standaard\u2019 ballettorens: de gebruiker bepaalt zelf welke onderdelen er nodig zijn en stelt zo als het ware zijn of haar eigen toren samen.<br \/>\nDit, in combinatie met de korte op- en afbouwtijd, maakt het gebruik van de toren bijzonder effici\u00ebnt, en ook transport en opslag worden een stuk economischer.<\/p>\n<p style=\"text-align: justify;\"><strong>Wie zijn we?<\/strong><br \/>\n<span style=\"color: #008000;\">MODULAD<\/span>, in 2014 opgericht, is een Nederlands bedrijf.<br \/>\nBij <span style=\"color: #008000;\">MODULAD<\/span>\u00a0werken we met een klein enthousiast team. Onze uiteenlopende achtergronden, voortkomende vanuit de theaterwereld, de theatertechniek en het evenementencircuit, staan garant voor een grote dosis kennis en ervaring. We denken dan ook graag met u mee hoe de <span style=\"color: #008000;\">MODULAD<\/span> ballettoren kan worden ingezet voor het realiseren van uw creatieve idee\u00ebn en wensen.<\/p>\n<p>Om maatwerk te kunnen leveren en garanderen, vinden we het belangrijk een duidelijke en korte \u00e9\u00e9n op \u00e9\u00e9n verbinding met onze klanten aan te gaan en te onderhouden.<br \/>\nBij <span style=\"color: #008000;\">MODULAD<\/span> staan we voor:<\/p>\n<ul style=\"text-align: justify;\">\n<li>het leveren van kwaliteitsproducten;<\/li>\n<li>duurzaam produceren;<\/li>\n<li>lokaal produceren;<\/li>\n<li>het in Nederland vervaardigen en produceren van onze producten: hiermee willen we zoveel mogelijk lokale Nederlandse collega ondernemers inzetten om mee samen te werken en elkaar zo waar mogelijk ondersteunen (iets wat in deze tijden volgens ons nog meer dan nodig is!).<\/li>\n<\/ul>\n<p style=\"text-align: justify;\">Lees <span style=\"color: #008000;\"><a style=\"color: #008000;\" title=\"Team\" href=\"http:\/\/ballettoren.nl\/team\/\">hier<\/a><\/span> meer over ons team.<\/p>\n<p>Neem <span style=\"color: #008000;\"><a style=\"color: #008000;\" title=\"Informatie &#038; verkoop\" href=\"http:\/\/ballettoren.nl\/contact-4\/\">contact<\/a> <\/span>met ons op om te zien hoe wij u verder kunnen helpen.<\/p>\n<p style=\"text-align: justify;\">\n","protected":false},"excerpt":{"rendered":"<p>WELKOM BIJ MODULAD, d\u00e9 originele modulaire ballettoren die techniek, creatieve vrijheid en gebruiksgemak samenbrengt in \u00e9\u00e9n effici\u00ebnt bouwsysteem. Wat is de MODULAD ballettoren? De MODULAD ballettoren is een geheel nieuw type ballettoren, welke de gebruiker in staat stelt licht, geluid of video precies daar te plaatsen waar men het nodig heeft. Het innovatieve, modulaire ophangsysteem [&hellip;]<\/p>\n","protected":false},"author":1,"featured_media":0,"parent":0,"menu_order":1,"comment_status":"closed","ping_status":"closed","template":"","meta":{"footnotes":""},"class_list":["post-8","page","type-page","status-publish","hentry"],"_links":{"self":[{"href":"https:\/\/ballettoren.nl\/it\/wp-json\/wp\/v2\/pages\/8","targetHints":{"allow":["GET"]}}],"collection":[{"href":"https:\/\/ballettoren.nl\/it\/wp-json\/wp\/v2\/pages"}],"about":[{"href":"https:\/\/ballettoren.nl\/it\/wp-json\/wp\/v2\/types\/page"}],"author":[{"embeddable":true,"href":"https:\/\/ballettoren.nl\/it\/wp-json\/wp\/v2\/users\/1"}],"replies":[{"embeddable":true,"href":"https:\/\/ballettoren.nl\/it\/wp-json\/wp\/v2\/comments?post=8"}],"version-history":[{"count":83,"href":"https:\/\/ballettoren.nl\/it\/wp-json\/wp\/v2\/pages\/8\/revisions"}],"predecessor-version":[{"id":479,"href":"https:\/\/ballettoren.nl\/it\/wp-json\/wp\/v2\/pages\/8\/revisions\/479"}],"wp:attachment":[{"href":"https:\/\/ballettoren.nl\/it\/wp-json\/wp\/v2\/media?parent=8"}],"curies":[{"name":"wp","href":"https:\/\/api.w.org\/{rel}","templated":true}]}}